{"id":52,"date":"2023-12-15T20:35:02","date_gmt":"2023-12-15T12:35:02","guid":{"rendered":"https:\/\/ufancygoods.com\/?page_id=52"},"modified":"2024-07-04T14:48:46","modified_gmt":"2024-07-04T06:48:46","slug":"about-us-ufancy-sourcing-solution","status":"publish","type":"page","link":"https:\/\/ufancygoods.com\/de\/uber-uns-ufancy-sourcing-solution\/","title":{"rendered":"\u00dcBER UNS"},"content":{"rendered":"<div data-elementor-type=\"wp-page\" data-elementor-id=\"52\" class=\"elementor elementor-52\">\n\t\t\t\t\t\t\t\t\t<section class=\"elementor-section elementor-top-section elementor-element elementor-element-5e6a249 elementor-section-boxed elementor-section-height-default elementor-section-height-default\" data-id=\"5e6a249\" data-element_type=\"section\">\n\t\t\t\t\t\t<div class=\"elementor-container elementor-column-gap-default\">\n\t\t\t\t\t<div class=\"elementor-column elementor-col-100 elementor-top-column elementor-element elementor-element-7a6e447\" data-id=\"7a6e447\" data-element_type=\"column\">\n\t\t\t<div class=\"elementor-widget-wrap elementor-element-populated\">\n\t\t\t\t\t\t\t\t<div class=\"elementor-element elementor-element-b8351d3 elementor-widget elementor-widget-heading\" data-id=\"b8351d3\" data-element_type=\"widget\" data-widget_type=\"heading.default\">\n\t\t\t\t<div class=\"elementor-widget-container\">\n\t\t\t<style>\/*! elementor - v3.10.2 - 29-01-2023 *\/\n.elementor-heading-title{padding:0;margin:0;line-height:1}.elementor-widget-heading .elementor-heading-title[class*=elementor-size-]>a{color:inherit;font-size:inherit;line-height:inherit}.elementor-widget-heading .elementor-heading-title.elementor-size-small{font-size:15px}.elementor-widget-heading .elementor-heading-title.elementor-size-medium{font-size:19px}.elementor-widget-heading .elementor-heading-title.elementor-size-large{font-size:29px}.elementor-widget-heading .elementor-heading-title.elementor-size-xl{font-size:39px}.elementor-widget-heading .elementor-heading-title.elementor-size-xxl{font-size:59px}<\/style><h2 class=\"elementor-heading-title elementor-size-default\">\u00dcber uns<\/h2>\t\t<\/div>\n\t\t\t\t<\/div>\n\t\t\t\t\t<\/div>\n\t\t<\/div>\n\t\t\t\t\t\t\t<\/div>\n\t\t<\/section>\n\t\t\t\t<section class=\"elementor-section elementor-top-section elementor-element elementor-element-b3bb4ef elementor-section-boxed elementor-section-height-default elementor-section-height-default\" data-id=\"b3bb4ef\" data-element_type=\"section\">\n\t\t\t\t\t\t<div class=\"elementor-container elementor-column-gap-default\">\n\t\t\t\t\t<div class=\"elementor-column elementor-col-100 elementor-top-column elementor-element elementor-element-3aadd4a\" data-id=\"3aadd4a\" data-element_type=\"column\">\n\t\t\t<div class=\"elementor-widget-wrap elementor-element-populated\">\n\t\t\t\t\t\t\t\t<div class=\"elementor-element elementor-element-93035ec elementor-widget elementor-widget-text-editor\" data-id=\"93035ec\" data-element_type=\"widget\" data-widget_type=\"text-editor.default\">\n\t\t\t\t<div class=\"elementor-widget-container\">\n\t\t\t<style>\/*! elementor - v3.10.2 - 29-01-2023 *\/\n.elementor-widget-text-editor.elementor-drop-cap-view-stacked .elementor-drop-cap{background-color:#818a91;color:#fff}.elementor-widget-text-editor.elementor-drop-cap-view-framed .elementor-drop-cap{color:#818a91;border:3px solid;background-color:transparent}.elementor-widget-text-editor:not(.elementor-drop-cap-view-default) .elementor-drop-cap{margin-top:8px}.elementor-widget-text-editor:not(.elementor-drop-cap-view-default) .elementor-drop-cap-letter{width:1em;height:1em}.elementor-widget-text-editor .elementor-drop-cap{float:left;text-align:center;line-height:1;font-size:50px}.elementor-widget-text-editor .elementor-drop-cap-letter{display:inline-block}<\/style>\t\t\t\t<p>Willkommen zu\u00a0<a href=\"https:\/\/ufancygoods.com\/de\/category\/product\/\" target=\"_blank\" rel=\"noopener\">sabine_schoen<\/a>, Ihr zuverl\u00e4ssiger Partner f\u00fcr Sourcing-L\u00f6sungsdienste! Mit Sitz in der ressourcenreichen Stadt Shenzhen sind wir ein f\u00fchrendes Beschaffungsunternehmen, das sich auf die Bereitstellung umfassender Sourcing-L\u00f6sungen f\u00fcr Unternehmen weltweit spezialisiert hat.<\/p><p><a href=\"https:\/\/ufancygoods.com\/de\/category\/product\/\" target=\"_blank\" rel=\"noopener\">sabine_schoen<\/a>\u00a0ist ein dynamisches und innovatives Beschaffungsunternehmen mit Sitz in Shenzhen, einer der lebendigsten und ressourcenreichsten St\u00e4dte der Welt. Dank unserer strategischen Lage haben wir direkten Zugang zu einem riesigen Netzwerk von Lieferanten und Herstellern, was es uns erm\u00f6glicht, eine vielf\u00e4ltige Palette hochwertiger Produkte zu wettbewerbsf\u00e4higen Preisen anzubieten.<\/p><p>Unsere Mission ist es, den Beschaffungsprozess f\u00fcr unsere Kunden zu optimieren und dabei Effizienz, Zuverl\u00e4ssigkeit und Kosteneffizienz sicherzustellen. Unser Ziel ist es, die L\u00fccke zwischen globalen K\u00e4ufern und Qualit\u00e4tslieferanten zu schlie\u00dfen und erfolgreiche und nachhaltige Gesch\u00e4ftsbeziehungen zu f\u00f6rdern.<\/p><p>Schlie\u00dfen Sie sich Ufancygoods an und erleben Sie nahtlose, effiziente und zuverl\u00e4ssige Beschaffungsdienste, die Ihr Gesch\u00e4ft voranbringen. Lassen Sie uns Ihr Tor zu den besten Produkten und Lieferanten in Shenzhen und dar\u00fcber hinaus sein.<\/p><p>Wenn Sie weitere Informationen w\u00fcnschen oder Ihren Beschaffungsbedarf besprechen m\u00f6chten, k\u00f6nnen Sie sich jederzeit an uns wenden.<\/p>\t\t\t\t\t\t<\/div>\n\t\t\t\t<\/div>\n\t\t\t\t\t<\/div>\n\t\t<\/div>\n\t\t\t\t\t\t\t<\/div>\n\t\t<\/section>\n\t\t\t\t<section class=\"elementor-section elementor-top-section elementor-element elementor-element-d2760ba elementor-section-boxed elementor-section-height-default elementor-section-height-default\" data-id=\"d2760ba\" data-element_type=\"section\">\n\t\t\t\t\t\t<div class=\"elementor-container elementor-column-gap-default\">\n\t\t\t\t\t<div class=\"elementor-column elementor-col-100 elementor-top-column elementor-element elementor-element-3026ce0\" data-id=\"3026ce0\" data-element_type=\"column\">\n\t\t\t<div class=\"elementor-widget-wrap elementor-element-populated\">\n\t\t\t\t\t\t\t\t<div class=\"elementor-element elementor-element-72ceeb6 elementor-widget elementor-widget-image\" data-id=\"72ceeb6\" data-element_type=\"widget\" data-widget_type=\"image.default\">\n\t\t\t\t<div class=\"elementor-widget-container\">\n\t\t\t<style>\/*! elementor - v3.10.2 - 29-01-2023 *\/\n.elementor-widget-image{text-align:center}.elementor-widget-image a{display:inline-block}.elementor-widget-image a img[src$=\".svg\"]{width:48px}.elementor-widget-image img{vertical-align:middle;display:inline-block}<\/style>\t\t\t\t\t\t\t\t\t\t\t\t<img decoding=\"async\" width=\"568\" height=\"319\" src=\"https:\/\/ufancygoods.com\/wp-content\/uploads\/2024\/07\/Sourcing-Solution.jpg\" class=\"attachment-2048x2048 size-2048x2048 wp-image-1340\" alt=\"Sourcing-L\u00f6sung\" srcset=\"https:\/\/ufancygoods.com\/wp-content\/uploads\/2024\/07\/Sourcing-Solution.jpg 568w, https:\/\/ufancygoods.com\/wp-content\/uploads\/2024\/07\/Sourcing-Solution-300x168.jpg 300w, https:\/\/ufancygoods.com\/wp-content\/uploads\/2024\/07\/Sourcing-Solution-18x10.jpg 18w\" sizes=\"(max-width: 568px) 100vw, 568px\" \/>\t\t\t\t\t\t\t\t\t\t\t\t\t\t\t<\/div>\n\t\t\t\t<\/div>\n\t\t\t\t\t<\/div>\n\t\t<\/div>\n\t\t\t\t\t\t\t<\/div>\n\t\t<\/section>\n\t\t\t\t\t\t\t<\/div>","protected":false},"excerpt":{"rendered":"<p>About us Welcome to\u00a0Ufancygoods, your trusted partner in sourcing solution services! Located in the resource-rich city of Shenzhen, we are a premier procurement company dedicated to providing comprehensive sourcing solutions for businesses worldwide. Ufancygoods\u00a0is a dynamic and innovative procurement company situated in Shenzhen, one of the world&#8217;s most vibrant and resource-abundant cities. With our strategic&#8230;<\/p>","protected":false},"author":1,"featured_media":1234,"parent":0,"menu_order":2,"comment_status":"closed","ping_status":"closed","template":"","meta":{"_kad_post_transparent":"","_kad_post_title":"hide","_kad_post_layout":"fullwidth","_kad_post_sidebar_id":"","_kad_post_content_style":"unboxed","_kad_post_vertical_padding":"hide","_kad_post_feature":"hide","_kad_post_feature_position":"","_kad_post_header":false,"_kad_post_footer":false,"footnotes":""},"_links":{"self":[{"href":"https:\/\/ufancygoods.com\/de\/wp-json\/wp\/v2\/pages\/52"}],"collection":[{"href":"https:\/\/ufancygoods.com\/de\/wp-json\/wp\/v2\/pages"}],"about":[{"href":"https:\/\/ufancygoods.com\/de\/wp-json\/wp\/v2\/types\/page"}],"author":[{"embeddable":true,"href":"https:\/\/ufancygoods.com\/de\/wp-json\/wp\/v2\/users\/1"}],"replies":[{"embeddable":true,"href":"https:\/\/ufancygoods.com\/de\/wp-json\/wp\/v2\/comments?post=52"}],"version-history":[{"count":0,"href":"https:\/\/ufancygoods.com\/de\/wp-json\/wp\/v2\/pages\/52\/revisions"}],"wp:featuredmedia":[{"embeddable":true,"href":"https:\/\/ufancygoods.com\/de\/wp-json\/wp\/v2\/media\/1234"}],"wp:attachment":[{"href":"https:\/\/ufancygoods.com\/de\/wp-json\/wp\/v2\/media?parent=52"}],"curies":[{"name":"wp","href":"https:\/\/api.w.org\/{rel}","templated":true}]}}