{"id":52,"date":"2023-12-15T20:35:02","date_gmt":"2023-12-15T12:35:02","guid":{"rendered":"https:\/\/ufancygoods.com\/?page_id=52"},"modified":"2024-07-04T14:48:46","modified_gmt":"2024-07-04T06:48:46","slug":"about-us-ufancy-sourcing-solution","status":"publish","type":"page","link":"https:\/\/ufancygoods.com\/fr\/a-propos-de-nous-solution-de-sourcing-ufancy\/","title":{"rendered":"\u00c0 PROPOS DE NOUS"},"content":{"rendered":"<div data-elementor-type=\"wp-page\" data-elementor-id=\"52\" class=\"elementor elementor-52\">\n\t\t\t\t\t\t\t\t\t<section class=\"elementor-section elementor-top-section elementor-element elementor-element-5e6a249 elementor-section-boxed elementor-section-height-default elementor-section-height-default\" data-id=\"5e6a249\" data-element_type=\"section\">\n\t\t\t\t\t\t<div class=\"elementor-container elementor-column-gap-default\">\n\t\t\t\t\t<div class=\"elementor-column elementor-col-100 elementor-top-column elementor-element elementor-element-7a6e447\" data-id=\"7a6e447\" data-element_type=\"column\">\n\t\t\t<div class=\"elementor-widget-wrap elementor-element-populated\">\n\t\t\t\t\t\t\t\t<div class=\"elementor-element elementor-element-b8351d3 elementor-widget elementor-widget-heading\" data-id=\"b8351d3\" data-element_type=\"widget\" data-widget_type=\"heading.default\">\n\t\t\t\t<div class=\"elementor-widget-container\">\n\t\t\t<style>\/*! elementor - v3.10.2 - 29-01-2023 *\/\n.elementor-heading-title{padding:0;margin:0;line-height:1}.elementor-widget-heading .elementor-heading-title[class*=elementor-size-]>a{color:inherit;font-size:inherit;line-height:inherit}.elementor-widget-heading .elementor-heading-title.elementor-size-small{font-size:15px}.elementor-widget-heading .elementor-heading-title.elementor-size-medium{font-size:19px}.elementor-widget-heading .elementor-heading-title.elementor-size-large{font-size:29px}.elementor-widget-heading .elementor-heading-title.elementor-size-xl{font-size:39px}.elementor-widget-heading .elementor-heading-title.elementor-size-xxl{font-size:59px}<\/style><h2 class=\"elementor-heading-title elementor-size-default\">\u00c0 propos de nous<\/h2>\t\t<\/div>\n\t\t\t\t<\/div>\n\t\t\t\t\t<\/div>\n\t\t<\/div>\n\t\t\t\t\t\t\t<\/div>\n\t\t<\/section>\n\t\t\t\t<section class=\"elementor-section elementor-top-section elementor-element elementor-element-b3bb4ef elementor-section-boxed elementor-section-height-default elementor-section-height-default\" data-id=\"b3bb4ef\" data-element_type=\"section\">\n\t\t\t\t\t\t<div class=\"elementor-container elementor-column-gap-default\">\n\t\t\t\t\t<div class=\"elementor-column elementor-col-100 elementor-top-column elementor-element elementor-element-3aadd4a\" data-id=\"3aadd4a\" data-element_type=\"column\">\n\t\t\t<div class=\"elementor-widget-wrap elementor-element-populated\">\n\t\t\t\t\t\t\t\t<div class=\"elementor-element elementor-element-93035ec elementor-widget elementor-widget-text-editor\" data-id=\"93035ec\" data-element_type=\"widget\" data-widget_type=\"text-editor.default\">\n\t\t\t\t<div class=\"elementor-widget-container\">\n\t\t\t<style>\/*! elementor - v3.10.2 - 29-01-2023 *\/\n.elementor-widget-text-editor.elementor-drop-cap-view-stacked .elementor-drop-cap{background-color:#818a91;color:#fff}.elementor-widget-text-editor.elementor-drop-cap-view-framed .elementor-drop-cap{color:#818a91;border:3px solid;background-color:transparent}.elementor-widget-text-editor:not(.elementor-drop-cap-view-default) .elementor-drop-cap{margin-top:8px}.elementor-widget-text-editor:not(.elementor-drop-cap-view-default) .elementor-drop-cap-letter{width:1em;height:1em}.elementor-widget-text-editor .elementor-drop-cap{float:left;text-align:center;line-height:1;font-size:50px}.elementor-widget-text-editor .elementor-drop-cap-letter{display:inline-block}<\/style>\t\t\t\t<p>Bienvenue \u00e0\u00a0<a href=\"https:\/\/ufancygoods.com\/fr\/category\/product\/\" target=\"_blank\" rel=\"noopener\">Produits de fantaisie<\/a>, votre partenaire de confiance en mati\u00e8re de services de solutions de sourcing ! Situ\u00e9 dans la ville riche en ressources de Shenzhen, nous sommes une soci\u00e9t\u00e9 d&#039;approvisionnement de premier plan d\u00e9di\u00e9e \u00e0 fournir des solutions d&#039;approvisionnement compl\u00e8tes aux entreprises du monde entier.<\/p><p><a href=\"https:\/\/ufancygoods.com\/fr\/category\/product\/\" target=\"_blank\" rel=\"noopener\">Produits de fantaisie<\/a>\u00a0est une soci\u00e9t\u00e9 d&#039;approvisionnement dynamique et innovante situ\u00e9e \u00e0 Shenzhen, l&#039;une des villes les plus dynamiques et les plus riches en ressources au monde. Gr\u00e2ce \u00e0 notre emplacement strat\u00e9gique, nous avons un acc\u00e8s direct \u00e0 un vaste r\u00e9seau de fournisseurs et de fabricants, nous permettant d&#039;offrir une gamme diversifi\u00e9e de produits de haute qualit\u00e9 \u00e0 des prix comp\u00e9titifs.<\/p><p>Notre mission est de rationaliser le processus d&#039;approvisionnement pour nos clients, en garantissant l&#039;efficacit\u00e9, la fiabilit\u00e9 et la rentabilit\u00e9. Notre objectif est de combler le foss\u00e9 entre les acheteurs mondiaux et les fournisseurs de qualit\u00e9, en favorisant des relations commerciales fructueuses et durables.<\/p><p>Joignez-vous \u00e0 Ufancygoods et b\u00e9n\u00e9ficiez de services d&#039;approvisionnement transparents, efficaces et fiables qui font progresser votre entreprise. Laissez-nous \u00eatre votre passerelle vers les meilleurs produits et fournisseurs \u00e0 Shenzhen et au-del\u00e0.<\/p><p>Pour plus d\u2019informations ou pour discuter de vos besoins en mati\u00e8re d\u2019approvisionnement, n\u2019h\u00e9sitez pas \u00e0 nous contacter.<\/p>\t\t\t\t\t\t<\/div>\n\t\t\t\t<\/div>\n\t\t\t\t\t<\/div>\n\t\t<\/div>\n\t\t\t\t\t\t\t<\/div>\n\t\t<\/section>\n\t\t\t\t<section class=\"elementor-section elementor-top-section elementor-element elementor-element-d2760ba elementor-section-boxed elementor-section-height-default elementor-section-height-default\" data-id=\"d2760ba\" data-element_type=\"section\">\n\t\t\t\t\t\t<div class=\"elementor-container elementor-column-gap-default\">\n\t\t\t\t\t<div class=\"elementor-column elementor-col-100 elementor-top-column elementor-element elementor-element-3026ce0\" data-id=\"3026ce0\" data-element_type=\"column\">\n\t\t\t<div class=\"elementor-widget-wrap elementor-element-populated\">\n\t\t\t\t\t\t\t\t<div class=\"elementor-element elementor-element-72ceeb6 elementor-widget elementor-widget-image\" data-id=\"72ceeb6\" data-element_type=\"widget\" data-widget_type=\"image.default\">\n\t\t\t\t<div class=\"elementor-widget-container\">\n\t\t\t<style>\/*! elementor - v3.10.2 - 29-01-2023 *\/\n.elementor-widget-image{text-align:center}.elementor-widget-image a{display:inline-block}.elementor-widget-image a img[src$=\".svg\"]{width:48px}.elementor-widget-image img{vertical-align:middle;display:inline-block}<\/style>\t\t\t\t\t\t\t\t\t\t\t\t<img decoding=\"async\" width=\"568\" height=\"319\" src=\"https:\/\/ufancygoods.com\/wp-content\/uploads\/2024\/07\/Sourcing-Solution.jpg\" class=\"attachment-2048x2048 size-2048x2048 wp-image-1340\" alt=\"Solution d&#039;approvisionnement\" srcset=\"https:\/\/ufancygoods.com\/wp-content\/uploads\/2024\/07\/Sourcing-Solution.jpg 568w, https:\/\/ufancygoods.com\/wp-content\/uploads\/2024\/07\/Sourcing-Solution-300x168.jpg 300w, https:\/\/ufancygoods.com\/wp-content\/uploads\/2024\/07\/Sourcing-Solution-18x10.jpg 18w\" sizes=\"(max-width: 568px) 100vw, 568px\" \/>\t\t\t\t\t\t\t\t\t\t\t\t\t\t\t<\/div>\n\t\t\t\t<\/div>\n\t\t\t\t\t<\/div>\n\t\t<\/div>\n\t\t\t\t\t\t\t<\/div>\n\t\t<\/section>\n\t\t\t\t\t\t\t<\/div>","protected":false},"excerpt":{"rendered":"<p>About us Welcome to\u00a0Ufancygoods, your trusted partner in sourcing solution services! Located in the resource-rich city of Shenzhen, we are a premier procurement company dedicated to providing comprehensive sourcing solutions for businesses worldwide. Ufancygoods\u00a0is a dynamic and innovative procurement company situated in Shenzhen, one of the world&#8217;s most vibrant and resource-abundant cities. With our strategic&#8230;<\/p>","protected":false},"author":1,"featured_media":1234,"parent":0,"menu_order":2,"comment_status":"closed","ping_status":"closed","template":"","meta":{"_kad_post_transparent":"","_kad_post_title":"hide","_kad_post_layout":"fullwidth","_kad_post_sidebar_id":"","_kad_post_content_style":"unboxed","_kad_post_vertical_padding":"hide","_kad_post_feature":"hide","_kad_post_feature_position":"","_kad_post_header":false,"_kad_post_footer":false,"footnotes":""},"_links":{"self":[{"href":"https:\/\/ufancygoods.com\/fr\/wp-json\/wp\/v2\/pages\/52"}],"collection":[{"href":"https:\/\/ufancygoods.com\/fr\/wp-json\/wp\/v2\/pages"}],"about":[{"href":"https:\/\/ufancygoods.com\/fr\/wp-json\/wp\/v2\/types\/page"}],"author":[{"embeddable":true,"href":"https:\/\/ufancygoods.com\/fr\/wp-json\/wp\/v2\/users\/1"}],"replies":[{"embeddable":true,"href":"https:\/\/ufancygoods.com\/fr\/wp-json\/wp\/v2\/comments?post=52"}],"version-history":[{"count":0,"href":"https:\/\/ufancygoods.com\/fr\/wp-json\/wp\/v2\/pages\/52\/revisions"}],"wp:featuredmedia":[{"embeddable":true,"href":"https:\/\/ufancygoods.com\/fr\/wp-json\/wp\/v2\/media\/1234"}],"wp:attachment":[{"href":"https:\/\/ufancygoods.com\/fr\/wp-json\/wp\/v2\/media?parent=52"}],"curies":[{"name":"wp","href":"https:\/\/api.w.org\/{rel}","templated":true}]}}