{"id":52,"date":"2023-12-15T20:35:02","date_gmt":"2023-12-15T12:35:02","guid":{"rendered":"https:\/\/ufancygoods.com\/?page_id=52"},"modified":"2024-07-04T14:48:46","modified_gmt":"2024-07-04T06:48:46","slug":"about-us-ufancy-sourcing-solution","status":"publish","type":"page","link":"https:\/\/ufancygoods.com\/sk\/o-nas-ufancy-sourcingove-riesenie\/","title":{"rendered":"O N\u00c1S"},"content":{"rendered":"<div data-elementor-type=\"wp-page\" data-elementor-id=\"52\" class=\"elementor elementor-52\">\n\t\t\t\t\t\t\t\t\t<section class=\"elementor-section elementor-top-section elementor-element elementor-element-5e6a249 elementor-section-boxed elementor-section-height-default elementor-section-height-default\" data-id=\"5e6a249\" data-element_type=\"section\">\n\t\t\t\t\t\t<div class=\"elementor-container elementor-column-gap-default\">\n\t\t\t\t\t<div class=\"elementor-column elementor-col-100 elementor-top-column elementor-element elementor-element-7a6e447\" data-id=\"7a6e447\" data-element_type=\"column\">\n\t\t\t<div class=\"elementor-widget-wrap elementor-element-populated\">\n\t\t\t\t\t\t\t\t<div class=\"elementor-element elementor-element-b8351d3 elementor-widget elementor-widget-heading\" data-id=\"b8351d3\" data-element_type=\"widget\" data-widget_type=\"heading.default\">\n\t\t\t\t<div class=\"elementor-widget-container\">\n\t\t\t<style>\/*! elementor - v3.10.2 - 29-01-2023 *\/\n.elementor-heading-title{padding:0;margin:0;line-height:1}.elementor-widget-heading .elementor-heading-title[class*=elementor-size-]>a{color:inherit;font-size:inherit;line-height:inherit}.elementor-widget-heading .elementor-heading-title.elementor-size-small{font-size:15px}.elementor-widget-heading .elementor-heading-title.elementor-size-medium{font-size:19px}.elementor-widget-heading .elementor-heading-title.elementor-size-large{font-size:29px}.elementor-widget-heading .elementor-heading-title.elementor-size-xl{font-size:39px}.elementor-widget-heading .elementor-heading-title.elementor-size-xxl{font-size:59px}<\/style><h2 class=\"elementor-heading-title elementor-size-default\">O n\u00e1s<\/h2>\t\t<\/div>\n\t\t\t\t<\/div>\n\t\t\t\t\t<\/div>\n\t\t<\/div>\n\t\t\t\t\t\t\t<\/div>\n\t\t<\/section>\n\t\t\t\t<section class=\"elementor-section elementor-top-section elementor-element elementor-element-b3bb4ef elementor-section-boxed elementor-section-height-default elementor-section-height-default\" data-id=\"b3bb4ef\" data-element_type=\"section\">\n\t\t\t\t\t\t<div class=\"elementor-container elementor-column-gap-default\">\n\t\t\t\t\t<div class=\"elementor-column elementor-col-100 elementor-top-column elementor-element elementor-element-3aadd4a\" data-id=\"3aadd4a\" data-element_type=\"column\">\n\t\t\t<div class=\"elementor-widget-wrap elementor-element-populated\">\n\t\t\t\t\t\t\t\t<div class=\"elementor-element elementor-element-93035ec elementor-widget elementor-widget-text-editor\" data-id=\"93035ec\" data-element_type=\"widget\" data-widget_type=\"text-editor.default\">\n\t\t\t\t<div class=\"elementor-widget-container\">\n\t\t\t<style>\/*! elementor - v3.10.2 - 29-01-2023 *\/\n.elementor-widget-text-editor.elementor-drop-cap-view-stacked .elementor-drop-cap{background-color:#818a91;color:#fff}.elementor-widget-text-editor.elementor-drop-cap-view-framed .elementor-drop-cap{color:#818a91;border:3px solid;background-color:transparent}.elementor-widget-text-editor:not(.elementor-drop-cap-view-default) .elementor-drop-cap{margin-top:8px}.elementor-widget-text-editor:not(.elementor-drop-cap-view-default) .elementor-drop-cap-letter{width:1em;height:1em}.elementor-widget-text-editor .elementor-drop-cap{float:left;text-align:center;line-height:1;font-size:50px}.elementor-widget-text-editor .elementor-drop-cap-letter{display:inline-block}<\/style>\t\t\t\t<p>Vitajte v\u00a0<a href=\"https:\/\/ufancygoods.com\/sk\/category\/product\/\" target=\"_blank\" rel=\"noopener\">Prefancygoods<\/a>, v\u00e1\u0161 d\u00f4veryhodn\u00fd partner pri z\u00edskavan\u00ed slu\u017eieb rie\u0161en\u00ed! Nach\u00e1dzame sa v meste Shenzhen bohatom na zdroje a sme poprednou obstar\u00e1vacou spolo\u010dnos\u0165ou, ktor\u00e1 sa venuje poskytovaniu komplexn\u00fdch rie\u0161en\u00ed v oblasti zdrojov pre podniky na celom svete.<\/p><p><a href=\"https:\/\/ufancygoods.com\/sk\/category\/product\/\" target=\"_blank\" rel=\"noopener\">Prefancygoods<\/a>\u00a0je dynamick\u00e1 a inovat\u00edvna obstar\u00e1vacia spolo\u010dnos\u0165 so s\u00eddlom v Shenzhene, jednom z naj\u017eiv\u0161\u00edch miest na svete s bohat\u00fdmi zdrojmi. V\u010faka na\u0161ej strategickej polohe m\u00e1me priamy pr\u00edstup k rozsiahlej sieti dod\u00e1vate\u013eov a v\u00fdrobcov, \u010do n\u00e1m umo\u017e\u0148uje pon\u00faka\u0165 rozmanit\u00fa \u0161k\u00e1lu vysokokvalitn\u00fdch produktov za konkuren\u010dn\u00e9 ceny.<\/p><p>Na\u0161\u00edm poslan\u00edm je zefekt\u00edvni\u0165 proces z\u00edskavania zdrojov pre na\u0161ich klientov, zabezpe\u010di\u0165 efektivitu, spo\u013eahlivos\u0165 a n\u00e1kladov\u00fa efekt\u00edvnos\u0165. Na\u0161\u00edm cie\u013eom je preklen\u00fa\u0165 priepas\u0165 medzi glob\u00e1lnymi n\u00e1kupcami a kvalitn\u00fdmi dod\u00e1vate\u013emi a podporova\u0165 \u00faspe\u0161n\u00e9 a udr\u017eate\u013en\u00e9 obchodn\u00e9 vz\u0165ahy.<\/p><p>Spojte sa s Ufancygoods a za\u017eite bezprobl\u00e9mov\u00e9, efekt\u00edvne a spo\u013eahliv\u00e9 sourcingov\u00e9 slu\u017eby, ktor\u00e9 pos\u00favaj\u00fa va\u0161e podnikanie vpred. Dovo\u013ete n\u00e1m by\u0165 va\u0161ou br\u00e1nou k najlep\u0161\u00edm produktom a dod\u00e1vate\u013eom v Shenzhene a mimo neho.<\/p><p>Ak chcete z\u00edska\u0165 \u010fal\u0161ie inform\u00e1cie alebo prediskutova\u0165 svoje potreby t\u00fdkaj\u00face sa zdrojov, nev\u00e1hajte n\u00e1s kontaktova\u0165.<\/p>\t\t\t\t\t\t<\/div>\n\t\t\t\t<\/div>\n\t\t\t\t\t<\/div>\n\t\t<\/div>\n\t\t\t\t\t\t\t<\/div>\n\t\t<\/section>\n\t\t\t\t<section class=\"elementor-section elementor-top-section elementor-element elementor-element-d2760ba elementor-section-boxed elementor-section-height-default elementor-section-height-default\" data-id=\"d2760ba\" data-element_type=\"section\">\n\t\t\t\t\t\t<div class=\"elementor-container elementor-column-gap-default\">\n\t\t\t\t\t<div class=\"elementor-column elementor-col-100 elementor-top-column elementor-element elementor-element-3026ce0\" data-id=\"3026ce0\" data-element_type=\"column\">\n\t\t\t<div class=\"elementor-widget-wrap elementor-element-populated\">\n\t\t\t\t\t\t\t\t<div class=\"elementor-element elementor-element-72ceeb6 elementor-widget elementor-widget-image\" data-id=\"72ceeb6\" data-element_type=\"widget\" data-widget_type=\"image.default\">\n\t\t\t\t<div class=\"elementor-widget-container\">\n\t\t\t<style>\/*! elementor - v3.10.2 - 29-01-2023 *\/\n.elementor-widget-image{text-align:center}.elementor-widget-image a{display:inline-block}.elementor-widget-image a img[src$=\".svg\"]{width:48px}.elementor-widget-image img{vertical-align:middle;display:inline-block}<\/style>\t\t\t\t\t\t\t\t\t\t\t\t<img decoding=\"async\" width=\"568\" height=\"319\" src=\"https:\/\/ufancygoods.com\/wp-content\/uploads\/2024\/07\/Sourcing-Solution.jpg\" class=\"attachment-2048x2048 size-2048x2048 wp-image-1340\" alt=\"Rie\u0161enie zdrojov\" srcset=\"https:\/\/ufancygoods.com\/wp-content\/uploads\/2024\/07\/Sourcing-Solution.jpg 568w, https:\/\/ufancygoods.com\/wp-content\/uploads\/2024\/07\/Sourcing-Solution-300x168.jpg 300w, https:\/\/ufancygoods.com\/wp-content\/uploads\/2024\/07\/Sourcing-Solution-18x10.jpg 18w\" sizes=\"(max-width: 568px) 100vw, 568px\" \/>\t\t\t\t\t\t\t\t\t\t\t\t\t\t\t<\/div>\n\t\t\t\t<\/div>\n\t\t\t\t\t<\/div>\n\t\t<\/div>\n\t\t\t\t\t\t\t<\/div>\n\t\t<\/section>\n\t\t\t\t\t\t\t<\/div>","protected":false},"excerpt":{"rendered":"<p>About us Welcome to\u00a0Ufancygoods, your trusted partner in sourcing solution services! Located in the resource-rich city of Shenzhen, we are a premier procurement company dedicated to providing comprehensive sourcing solutions for businesses worldwide. Ufancygoods\u00a0is a dynamic and innovative procurement company situated in Shenzhen, one of the world&#8217;s most vibrant and resource-abundant cities. With our strategic&#8230;<\/p>","protected":false},"author":1,"featured_media":1234,"parent":0,"menu_order":2,"comment_status":"closed","ping_status":"closed","template":"","meta":{"_kad_post_transparent":"","_kad_post_title":"hide","_kad_post_layout":"fullwidth","_kad_post_sidebar_id":"","_kad_post_content_style":"unboxed","_kad_post_vertical_padding":"hide","_kad_post_feature":"hide","_kad_post_feature_position":"","_kad_post_header":false,"_kad_post_footer":false,"footnotes":""},"_links":{"self":[{"href":"https:\/\/ufancygoods.com\/sk\/wp-json\/wp\/v2\/pages\/52"}],"collection":[{"href":"https:\/\/ufancygoods.com\/sk\/wp-json\/wp\/v2\/pages"}],"about":[{"href":"https:\/\/ufancygoods.com\/sk\/wp-json\/wp\/v2\/types\/page"}],"author":[{"embeddable":true,"href":"https:\/\/ufancygoods.com\/sk\/wp-json\/wp\/v2\/users\/1"}],"replies":[{"embeddable":true,"href":"https:\/\/ufancygoods.com\/sk\/wp-json\/wp\/v2\/comments?post=52"}],"version-history":[{"count":0,"href":"https:\/\/ufancygoods.com\/sk\/wp-json\/wp\/v2\/pages\/52\/revisions"}],"wp:featuredmedia":[{"embeddable":true,"href":"https:\/\/ufancygoods.com\/sk\/wp-json\/wp\/v2\/media\/1234"}],"wp:attachment":[{"href":"https:\/\/ufancygoods.com\/sk\/wp-json\/wp\/v2\/media?parent=52"}],"curies":[{"name":"wp","href":"https:\/\/api.w.org\/{rel}","templated":true}]}}