{"id":52,"date":"2023-12-15T20:35:02","date_gmt":"2023-12-15T12:35:02","guid":{"rendered":"https:\/\/ufancygoods.com\/?page_id=52"},"modified":"2024-07-04T14:48:46","modified_gmt":"2024-07-04T06:48:46","slug":"about-us-ufancy-sourcing-solution","status":"publish","type":"page","link":"https:\/\/ufancygoods.com\/tr\/hakkimizda-ufancy-kaynak-bulma-cozumu\/","title":{"rendered":"HAKKIMIZDA"},"content":{"rendered":"<div data-elementor-type=\"wp-page\" data-elementor-id=\"52\" class=\"elementor elementor-52\">\n\t\t\t\t\t\t\t\t\t<section class=\"elementor-section elementor-top-section elementor-element elementor-element-5e6a249 elementor-section-boxed elementor-section-height-default elementor-section-height-default\" data-id=\"5e6a249\" data-element_type=\"section\">\n\t\t\t\t\t\t<div class=\"elementor-container elementor-column-gap-default\">\n\t\t\t\t\t<div class=\"elementor-column elementor-col-100 elementor-top-column elementor-element elementor-element-7a6e447\" data-id=\"7a6e447\" data-element_type=\"column\">\n\t\t\t<div class=\"elementor-widget-wrap elementor-element-populated\">\n\t\t\t\t\t\t\t\t<div class=\"elementor-element elementor-element-b8351d3 elementor-widget elementor-widget-heading\" data-id=\"b8351d3\" data-element_type=\"widget\" data-widget_type=\"heading.default\">\n\t\t\t\t<div class=\"elementor-widget-container\">\n\t\t\t<style>\/*! elementor - v3.10.2 - 29-01-2023 *\/\n.elementor-heading-title{padding:0;margin:0;line-height:1}.elementor-widget-heading .elementor-heading-title[class*=elementor-size-]>a{color:inherit;font-size:inherit;line-height:inherit}.elementor-widget-heading .elementor-heading-title.elementor-size-small{font-size:15px}.elementor-widget-heading .elementor-heading-title.elementor-size-medium{font-size:19px}.elementor-widget-heading .elementor-heading-title.elementor-size-large{font-size:29px}.elementor-widget-heading .elementor-heading-title.elementor-size-xl{font-size:39px}.elementor-widget-heading .elementor-heading-title.elementor-size-xxl{font-size:59px}<\/style><h2 class=\"elementor-heading-title elementor-size-default\">Hakk\u0131m\u0131zda<\/h2>\t\t<\/div>\n\t\t\t\t<\/div>\n\t\t\t\t\t<\/div>\n\t\t<\/div>\n\t\t\t\t\t\t\t<\/div>\n\t\t<\/section>\n\t\t\t\t<section class=\"elementor-section elementor-top-section elementor-element elementor-element-b3bb4ef elementor-section-boxed elementor-section-height-default elementor-section-height-default\" data-id=\"b3bb4ef\" data-element_type=\"section\">\n\t\t\t\t\t\t<div class=\"elementor-container elementor-column-gap-default\">\n\t\t\t\t\t<div class=\"elementor-column elementor-col-100 elementor-top-column elementor-element elementor-element-3aadd4a\" data-id=\"3aadd4a\" data-element_type=\"column\">\n\t\t\t<div class=\"elementor-widget-wrap elementor-element-populated\">\n\t\t\t\t\t\t\t\t<div class=\"elementor-element elementor-element-93035ec elementor-widget elementor-widget-text-editor\" data-id=\"93035ec\" data-element_type=\"widget\" data-widget_type=\"text-editor.default\">\n\t\t\t\t<div class=\"elementor-widget-container\">\n\t\t\t<style>\/*! elementor - v3.10.2 - 29-01-2023 *\/\n.elementor-widget-text-editor.elementor-drop-cap-view-stacked .elementor-drop-cap{background-color:#818a91;color:#fff}.elementor-widget-text-editor.elementor-drop-cap-view-framed .elementor-drop-cap{color:#818a91;border:3px solid;background-color:transparent}.elementor-widget-text-editor:not(.elementor-drop-cap-view-default) .elementor-drop-cap{margin-top:8px}.elementor-widget-text-editor:not(.elementor-drop-cap-view-default) .elementor-drop-cap-letter{width:1em;height:1em}.elementor-widget-text-editor .elementor-drop-cap{float:left;text-align:center;line-height:1;font-size:50px}.elementor-widget-text-editor .elementor-drop-cap-letter{display:inline-block}<\/style>\t\t\t\t<p>Ho\u015fgeldiniz\u00a0<a href=\"https:\/\/ufancygoods.com\/tr\/category\/product\/\" target=\"_blank\" rel=\"noopener\">Ufancygoods<\/a>, \u00e7\u00f6z\u00fcm hizmetleri tedarikinde g\u00fcvenilir orta\u011f\u0131n\u0131z! Kaynak zengini Shenzhen \u015fehrinde bulunan, d\u00fcnya \u00e7ap\u0131ndaki i\u015fletmelere kapsaml\u0131 kaynak bulma \u00e7\u00f6z\u00fcmleri sunmaya kendini adam\u0131\u015f \u00f6nde gelen bir sat\u0131n alma \u015firketiyiz.<\/p><p><a href=\"https:\/\/ufancygoods.com\/tr\/category\/product\/\" target=\"_blank\" rel=\"noopener\">Ufancygoods<\/a>\u00a0d\u00fcnyan\u0131n en canl\u0131 ve kaynak a\u00e7\u0131s\u0131ndan zengin \u015fehirlerinden biri olan Shenzhen&#039;de bulunan dinamik ve yenilik\u00e7i bir sat\u0131n alma \u015firketidir. Stratejik konumumuz sayesinde, geni\u015f bir tedarik\u00e7i ve \u00fcretici a\u011f\u0131na do\u011frudan eri\u015fimimiz var ve bu da bize rekabet\u00e7i fiyatlarla \u00e7ok \u00e7e\u015fitli y\u00fcksek kaliteli \u00fcr\u00fcnler sunma olana\u011f\u0131 sa\u011fl\u0131yor.<\/p><p>Misyonumuz, m\u00fc\u015fterilerimiz i\u00e7in kaynak bulma s\u00fcrecini kolayla\u015ft\u0131rmak, verimlilik, g\u00fcvenilirlik ve maliyet etkinli\u011fi sa\u011flamakt\u0131r. Ba\u015far\u0131l\u0131 ve s\u00fcrd\u00fcr\u00fclebilir i\u015f ili\u015fkilerini te\u015fvik ederek k\u00fcresel al\u0131c\u0131lar ile kaliteli tedarik\u00e7iler aras\u0131ndaki bo\u015flu\u011fu doldurmay\u0131 hedefliyoruz.<\/p><p>Ufancygoods ile el ele verin ve i\u015finizi ileriye ta\u015f\u0131yacak kusursuz, verimli ve g\u00fcvenilir kaynak bulma hizmetlerini deneyimleyin. Shenzhen ve \u00f6tesindeki en iyi \u00fcr\u00fcn ve tedarik\u00e7ilere a\u00e7\u0131lan kap\u0131n\u0131z olmam\u0131za izin verin.<\/p><p>Daha fazla bilgi almak veya kaynak bulma ihtiya\u00e7lar\u0131n\u0131z\u0131 g\u00f6r\u00fc\u015fmek i\u00e7in l\u00fctfen bizimle ileti\u015fime ge\u00e7mekten \u00e7ekinmeyin.<\/p>\t\t\t\t\t\t<\/div>\n\t\t\t\t<\/div>\n\t\t\t\t\t<\/div>\n\t\t<\/div>\n\t\t\t\t\t\t\t<\/div>\n\t\t<\/section>\n\t\t\t\t<section class=\"elementor-section elementor-top-section elementor-element elementor-element-d2760ba elementor-section-boxed elementor-section-height-default elementor-section-height-default\" data-id=\"d2760ba\" data-element_type=\"section\">\n\t\t\t\t\t\t<div class=\"elementor-container elementor-column-gap-default\">\n\t\t\t\t\t<div class=\"elementor-column elementor-col-100 elementor-top-column elementor-element elementor-element-3026ce0\" data-id=\"3026ce0\" data-element_type=\"column\">\n\t\t\t<div class=\"elementor-widget-wrap elementor-element-populated\">\n\t\t\t\t\t\t\t\t<div class=\"elementor-element elementor-element-72ceeb6 elementor-widget elementor-widget-image\" data-id=\"72ceeb6\" data-element_type=\"widget\" data-widget_type=\"image.default\">\n\t\t\t\t<div class=\"elementor-widget-container\">\n\t\t\t<style>\/*! elementor - v3.10.2 - 29-01-2023 *\/\n.elementor-widget-image{text-align:center}.elementor-widget-image a{display:inline-block}.elementor-widget-image a img[src$=\".svg\"]{width:48px}.elementor-widget-image img{vertical-align:middle;display:inline-block}<\/style>\t\t\t\t\t\t\t\t\t\t\t\t<img decoding=\"async\" width=\"568\" height=\"319\" src=\"https:\/\/ufancygoods.com\/wp-content\/uploads\/2024\/07\/Sourcing-Solution.jpg\" class=\"attachment-2048x2048 size-2048x2048 wp-image-1340\" alt=\"Kaynak \u00c7\u00f6z\u00fcm\u00fc\" srcset=\"https:\/\/ufancygoods.com\/wp-content\/uploads\/2024\/07\/Sourcing-Solution.jpg 568w, https:\/\/ufancygoods.com\/wp-content\/uploads\/2024\/07\/Sourcing-Solution-300x168.jpg 300w, https:\/\/ufancygoods.com\/wp-content\/uploads\/2024\/07\/Sourcing-Solution-18x10.jpg 18w\" sizes=\"(max-width: 568px) 100vw, 568px\" \/>\t\t\t\t\t\t\t\t\t\t\t\t\t\t\t<\/div>\n\t\t\t\t<\/div>\n\t\t\t\t\t<\/div>\n\t\t<\/div>\n\t\t\t\t\t\t\t<\/div>\n\t\t<\/section>\n\t\t\t\t\t\t\t<\/div>","protected":false},"excerpt":{"rendered":"<p>About us Welcome to\u00a0Ufancygoods, your trusted partner in sourcing solution services! Located in the resource-rich city of Shenzhen, we are a premier procurement company dedicated to providing comprehensive sourcing solutions for businesses worldwide. Ufancygoods\u00a0is a dynamic and innovative procurement company situated in Shenzhen, one of the world&#8217;s most vibrant and resource-abundant cities. With our strategic&#8230;<\/p>","protected":false},"author":1,"featured_media":1234,"parent":0,"menu_order":2,"comment_status":"closed","ping_status":"closed","template":"","meta":{"_kad_post_transparent":"","_kad_post_title":"hide","_kad_post_layout":"fullwidth","_kad_post_sidebar_id":"","_kad_post_content_style":"unboxed","_kad_post_vertical_padding":"hide","_kad_post_feature":"hide","_kad_post_feature_position":"","_kad_post_header":false,"_kad_post_footer":false,"footnotes":""},"_links":{"self":[{"href":"https:\/\/ufancygoods.com\/tr\/wp-json\/wp\/v2\/pages\/52"}],"collection":[{"href":"https:\/\/ufancygoods.com\/tr\/wp-json\/wp\/v2\/pages"}],"about":[{"href":"https:\/\/ufancygoods.com\/tr\/wp-json\/wp\/v2\/types\/page"}],"author":[{"embeddable":true,"href":"https:\/\/ufancygoods.com\/tr\/wp-json\/wp\/v2\/users\/1"}],"replies":[{"embeddable":true,"href":"https:\/\/ufancygoods.com\/tr\/wp-json\/wp\/v2\/comments?post=52"}],"version-history":[{"count":0,"href":"https:\/\/ufancygoods.com\/tr\/wp-json\/wp\/v2\/pages\/52\/revisions"}],"wp:featuredmedia":[{"embeddable":true,"href":"https:\/\/ufancygoods.com\/tr\/wp-json\/wp\/v2\/media\/1234"}],"wp:attachment":[{"href":"https:\/\/ufancygoods.com\/tr\/wp-json\/wp\/v2\/media?parent=52"}],"curies":[{"name":"wp","href":"https:\/\/api.w.org\/{rel}","templated":true}]}}